{"id":17357,"date":"2025-11-22T15:31:22","date_gmt":"2025-11-22T14:31:22","guid":{"rendered":"https:\/\/habakuk.si\/beschaeftigung\/"},"modified":"2025-11-22T15:33:00","modified_gmt":"2025-11-22T14:33:00","slug":"beschaeftigung","status":"publish","type":"page","link":"https:\/\/habakuk.si\/de\/beschaeftigung\/","title":{"rendered":"Besch\u00e4ftigung"},"content":{"rendered":"\n<h2 class=\"wp-block-heading\"><strong>Sehr geehrte Besucher unserer Webseite,<\/strong><\/h2>\n\n<p>wir von Habakuk hotel d.o.o. (Hotel Habakuk) glauben, dass der Schl\u00fcssel zur Exzellenz die Menschen sind \u2013 ihr Engagement, ihre Professionalit\u00e4t und ihre echte Leidenschaft f\u00fcr die Arbeit.<\/p>\n\n<p>Unser Team entwickelt sich weiter und w\u00e4chst, daher freuen wir uns immer, wenn uns Einzelpersonen kontaktieren, die Teil eines Umfelds werden m\u00f6chten, in dem Zuverl\u00e4ssigkeit, Respekt und Zusammenarbeit gesch\u00e4tzt werden. Wenn Sie der Meinung sind, dass Sie mit Ihrem Wissen und Ihrer Herangehensweise zu unserem Betrieb beitragen k\u00f6nnten, laden wir Sie ein, uns Ihren Lebenslauf an <strong><a href=\"mailto:vesna.ciglaric@hotel-habakuk.si\">vesna.ciglaric@hotel-habakuk.si<\/a><\/strong> zu senden. <\/p>\n\n<p>Gerne werden wir Ihren Kontakt f\u00fcr m\u00f6gliche zuk\u00fcnftige Gelegenheiten speichern. Wir laden Sie auch ein, unsere Webseite und sozialen Netzwerke zu verfolgen, wo wir aktuelle Informationen ver\u00f6ffentlichen.<\/p>\n\n<p>Vielen Dank f\u00fcr Ihr Vertrauen und Ihr Interesse.<br\/><strong>Das Team des Hotel Habakuk<\/strong><\/p>\n","protected":false},"excerpt":{"rendered":"<p>Sehr geehrte Besucher unserer Webseite, wir von Habakuk hotel d.o.o. (Hotel Habakuk) glauben, dass der Schl\u00fcssel zur Exzellenz die Menschen sind \u2013 ihr Engagement, ihre Professionalit\u00e4t und ihre echte Leidenschaft f\u00fcr die Arbeit. Unser Team entwickelt sich weiter und w\u00e4chst, daher freuen wir uns immer, wenn uns Einzelpersonen kontaktieren, die Teil eines Umfelds werden m\u00f6chten, [&hellip;]<\/p>\n","protected":false},"author":1,"featured_media":0,"parent":0,"menu_order":0,"comment_status":"closed","ping_status":"open","template":"","meta":{"_price":"","_stock":"","_tribe_ticket_header":"","_tribe_default_ticket_provider":"","_tribe_ticket_capacity":"","_ticket_start_date":"","_ticket_end_date":"","_tribe_ticket_show_description":"","_tribe_ticket_show_not_going":false,"_tribe_ticket_use_global_stock":"","_tribe_ticket_global_stock_level":"","_global_stock_mode":"","_global_stock_cap":"","_tribe_rsvp_for_event":"","_tribe_ticket_going_count":"","_tribe_ticket_not_going_count":"","_tribe_tickets_list":"[]","_tribe_ticket_has_attendee_info_fields":false,"footnotes":""},"class_list":["post-17357","page","type-page","status-publish","hentry"],"yoast_head":"<!-- This site is optimized with the Yoast SEO plugin v27.4 - https:\/\/yoast.com\/product\/yoast-seo-wordpress\/ -->\n<title>Besch\u00e4ftigung - Hotel Habakuk<\/title>\n<meta name=\"robots\" content=\"index, follow, max-snippet:-1, max-image-preview:large, max-video-preview:-1\" \/>\n<link rel=\"canonical\" href=\"https:\/\/habakuk.si\/de\/beschaeftigung\/\" \/>\n<meta property=\"og:locale\" content=\"de_DE\" \/>\n<meta property=\"og:type\" content=\"article\" \/>\n<meta property=\"og:title\" content=\"Besch\u00e4ftigung - Hotel Habakuk\" \/>\n<meta property=\"og:description\" content=\"Sehr geehrte Besucher unserer Webseite, wir von Habakuk hotel d.o.o. (Hotel Habakuk) glauben, dass der Schl\u00fcssel zur Exzellenz die Menschen sind \u2013 ihr Engagement, ihre Professionalit\u00e4t und ihre echte Leidenschaft f\u00fcr die Arbeit. Unser Team entwickelt sich weiter und w\u00e4chst, daher freuen wir uns immer, wenn uns Einzelpersonen kontaktieren, die Teil eines Umfelds werden m\u00f6chten, [&hellip;]\" \/>\n<meta property=\"og:url\" content=\"https:\/\/habakuk.si\/de\/beschaeftigung\/\" \/>\n<meta property=\"og:site_name\" content=\"Hotel Habakuk\" \/>\n<meta property=\"article:publisher\" content=\"https:\/\/www.facebook.com\/Hotel.Habakuk\/\" \/>\n<meta property=\"article:modified_time\" content=\"2025-11-22T14:33:00+00:00\" \/>\n<meta property=\"og:image\" content=\"https:\/\/habakuk.si\/wp-content\/uploads\/2025\/10\/Hotel1.webp\" \/>\n\t<meta property=\"og:image:width\" content=\"1798\" \/>\n\t<meta property=\"og:image:height\" content=\"821\" \/>\n\t<meta property=\"og:image:type\" content=\"image\/webp\" \/>\n<meta name=\"twitter:card\" content=\"summary_large_image\" \/>\n<meta name=\"twitter:label1\" content=\"Gesch\u00e4tzte Lesezeit\" \/>\n\t<meta name=\"twitter:data1\" content=\"1\u00a0Minute\" \/>\n<script type=\"application\/ld+json\" class=\"yoast-schema-graph\">{\"@context\":\"https:\\\/\\\/schema.org\",\"@graph\":[{\"@type\":\"WebPage\",\"@id\":\"https:\\\/\\\/habakuk.si\\\/de\\\/beschaeftigung\\\/\",\"url\":\"https:\\\/\\\/habakuk.si\\\/de\\\/beschaeftigung\\\/\",\"name\":\"Besch\u00e4ftigung - Hotel Habakuk\",\"isPartOf\":{\"@id\":\"https:\\\/\\\/habakuk.si\\\/de\\\/#website\"},\"datePublished\":\"2025-11-22T14:31:22+00:00\",\"dateModified\":\"2025-11-22T14:33:00+00:00\",\"breadcrumb\":{\"@id\":\"https:\\\/\\\/habakuk.si\\\/de\\\/beschaeftigung\\\/#breadcrumb\"},\"inLanguage\":\"de\",\"potentialAction\":[{\"@type\":\"ReadAction\",\"target\":[\"https:\\\/\\\/habakuk.si\\\/de\\\/beschaeftigung\\\/\"]}]},{\"@type\":\"BreadcrumbList\",\"@id\":\"https:\\\/\\\/habakuk.si\\\/de\\\/beschaeftigung\\\/#breadcrumb\",\"itemListElement\":[{\"@type\":\"ListItem\",\"position\":1,\"name\":\"Home\",\"item\":\"https:\\\/\\\/habakuk.si\\\/de\\\/startseite\\\/\"},{\"@type\":\"ListItem\",\"position\":2,\"name\":\"Besch\u00e4ftigung\"}]},{\"@type\":\"WebSite\",\"@id\":\"https:\\\/\\\/habakuk.si\\\/de\\\/#website\",\"url\":\"https:\\\/\\\/habakuk.si\\\/de\\\/\",\"name\":\"Hotel Habakuk\",\"description\":\"Das Hotel HABAKUK Wellness & Event befindet sich am Fu\u00dfe des Pohorje, neben einem attraktiven Touristen-, Sport- und Freizeitzentrum, umgeben von gr\u00fcner Natur.\",\"publisher\":{\"@id\":\"https:\\\/\\\/habakuk.si\\\/de\\\/#organization\"},\"alternateName\":\"Habakuk\",\"potentialAction\":[{\"@type\":\"SearchAction\",\"target\":{\"@type\":\"EntryPoint\",\"urlTemplate\":\"https:\\\/\\\/habakuk.si\\\/de\\\/?s={search_term_string}\"},\"query-input\":{\"@type\":\"PropertyValueSpecification\",\"valueRequired\":true,\"valueName\":\"search_term_string\"}}],\"inLanguage\":\"de\"},{\"@type\":\"Organization\",\"@id\":\"https:\\\/\\\/habakuk.si\\\/de\\\/#organization\",\"name\":\"Hotel Habakuk\",\"alternateName\":\"Habakuk\",\"url\":\"https:\\\/\\\/habakuk.si\\\/de\\\/\",\"logo\":{\"@type\":\"ImageObject\",\"inLanguage\":\"de\",\"@id\":\"https:\\\/\\\/habakuk.si\\\/de\\\/#\\\/schema\\\/logo\\\/image\\\/\",\"url\":\"https:\\\/\\\/habakuk.si\\\/wordpress\\\/wp-content\\\/uploads\\\/2025\\\/10\\\/logo-dark.webp\",\"contentUrl\":\"https:\\\/\\\/habakuk.si\\\/wordpress\\\/wp-content\\\/uploads\\\/2025\\\/10\\\/logo-dark.webp\",\"width\":1500,\"height\":450,\"caption\":\"Hotel Habakuk\"},\"image\":{\"@id\":\"https:\\\/\\\/habakuk.si\\\/de\\\/#\\\/schema\\\/logo\\\/image\\\/\"},\"sameAs\":[\"https:\\\/\\\/www.facebook.com\\\/Hotel.Habakuk\\\/\",\"https:\\\/\\\/www.instagram.com\\\/hotel.habakuk\\\/\"]}]}<\/script>\n<!-- \/ Yoast SEO plugin. -->","yoast_head_json":{"title":"Besch\u00e4ftigung - Hotel Habakuk","robots":{"index":"index","follow":"follow","max-snippet":"max-snippet:-1","max-image-preview":"max-image-preview:large","max-video-preview":"max-video-preview:-1"},"canonical":"https:\/\/habakuk.si\/de\/beschaeftigung\/","og_locale":"de_DE","og_type":"article","og_title":"Besch\u00e4ftigung - Hotel Habakuk","og_description":"Sehr geehrte Besucher unserer Webseite, wir von Habakuk hotel d.o.o. (Hotel Habakuk) glauben, dass der Schl\u00fcssel zur Exzellenz die Menschen sind \u2013 ihr Engagement, ihre Professionalit\u00e4t und ihre echte Leidenschaft f\u00fcr die Arbeit. Unser Team entwickelt sich weiter und w\u00e4chst, daher freuen wir uns immer, wenn uns Einzelpersonen kontaktieren, die Teil eines Umfelds werden m\u00f6chten, [&hellip;]","og_url":"https:\/\/habakuk.si\/de\/beschaeftigung\/","og_site_name":"Hotel Habakuk","article_publisher":"https:\/\/www.facebook.com\/Hotel.Habakuk\/","article_modified_time":"2025-11-22T14:33:00+00:00","og_image":[{"width":1798,"height":821,"url":"https:\/\/habakuk.si\/wp-content\/uploads\/2025\/10\/Hotel1.webp","type":"image\/webp"}],"twitter_card":"summary_large_image","twitter_misc":{"Gesch\u00e4tzte Lesezeit":"1\u00a0Minute"},"schema":{"@context":"https:\/\/schema.org","@graph":[{"@type":"WebPage","@id":"https:\/\/habakuk.si\/de\/beschaeftigung\/","url":"https:\/\/habakuk.si\/de\/beschaeftigung\/","name":"Besch\u00e4ftigung - Hotel Habakuk","isPartOf":{"@id":"https:\/\/habakuk.si\/de\/#website"},"datePublished":"2025-11-22T14:31:22+00:00","dateModified":"2025-11-22T14:33:00+00:00","breadcrumb":{"@id":"https:\/\/habakuk.si\/de\/beschaeftigung\/#breadcrumb"},"inLanguage":"de","potentialAction":[{"@type":"ReadAction","target":["https:\/\/habakuk.si\/de\/beschaeftigung\/"]}]},{"@type":"BreadcrumbList","@id":"https:\/\/habakuk.si\/de\/beschaeftigung\/#breadcrumb","itemListElement":[{"@type":"ListItem","position":1,"name":"Home","item":"https:\/\/habakuk.si\/de\/startseite\/"},{"@type":"ListItem","position":2,"name":"Besch\u00e4ftigung"}]},{"@type":"WebSite","@id":"https:\/\/habakuk.si\/de\/#website","url":"https:\/\/habakuk.si\/de\/","name":"Hotel Habakuk","description":"Das Hotel HABAKUK Wellness & Event befindet sich am Fu\u00dfe des Pohorje, neben einem attraktiven Touristen-, Sport- und Freizeitzentrum, umgeben von gr\u00fcner Natur.","publisher":{"@id":"https:\/\/habakuk.si\/de\/#organization"},"alternateName":"Habakuk","potentialAction":[{"@type":"SearchAction","target":{"@type":"EntryPoint","urlTemplate":"https:\/\/habakuk.si\/de\/?s={search_term_string}"},"query-input":{"@type":"PropertyValueSpecification","valueRequired":true,"valueName":"search_term_string"}}],"inLanguage":"de"},{"@type":"Organization","@id":"https:\/\/habakuk.si\/de\/#organization","name":"Hotel Habakuk","alternateName":"Habakuk","url":"https:\/\/habakuk.si\/de\/","logo":{"@type":"ImageObject","inLanguage":"de","@id":"https:\/\/habakuk.si\/de\/#\/schema\/logo\/image\/","url":"https:\/\/habakuk.si\/wordpress\/wp-content\/uploads\/2025\/10\/logo-dark.webp","contentUrl":"https:\/\/habakuk.si\/wordpress\/wp-content\/uploads\/2025\/10\/logo-dark.webp","width":1500,"height":450,"caption":"Hotel Habakuk"},"image":{"@id":"https:\/\/habakuk.si\/de\/#\/schema\/logo\/image\/"},"sameAs":["https:\/\/www.facebook.com\/Hotel.Habakuk\/","https:\/\/www.instagram.com\/hotel.habakuk\/"]}]}},"_links":{"self":[{"href":"https:\/\/habakuk.si\/de\/wp-json\/wp\/v2\/pages\/17357","targetHints":{"allow":["GET"]}}],"collection":[{"href":"https:\/\/habakuk.si\/de\/wp-json\/wp\/v2\/pages"}],"about":[{"href":"https:\/\/habakuk.si\/de\/wp-json\/wp\/v2\/types\/page"}],"author":[{"embeddable":true,"href":"https:\/\/habakuk.si\/de\/wp-json\/wp\/v2\/users\/1"}],"replies":[{"embeddable":true,"href":"https:\/\/habakuk.si\/de\/wp-json\/wp\/v2\/comments?post=17357"}],"version-history":[{"count":1,"href":"https:\/\/habakuk.si\/de\/wp-json\/wp\/v2\/pages\/17357\/revisions"}],"predecessor-version":[{"id":17358,"href":"https:\/\/habakuk.si\/de\/wp-json\/wp\/v2\/pages\/17357\/revisions\/17358"}],"wp:attachment":[{"href":"https:\/\/habakuk.si\/de\/wp-json\/wp\/v2\/media?parent=17357"}],"curies":[{"name":"wp","href":"https:\/\/api.w.org\/{rel}","templated":true}]}}