{"id":17134,"date":"2025-10-25T08:45:20","date_gmt":"2025-10-25T07:45:20","guid":{"rendered":"https:\/\/habakuk.si\/datenschutzbestimmungen\/"},"modified":"2026-01-06T11:16:06","modified_gmt":"2026-01-06T10:16:06","slug":"datenschutzbestimmungen","status":"publish","type":"page","link":"https:\/\/habakuk.si\/de\/datenschutzbestimmungen\/","title":{"rendered":"Datenschutzbestimmungen"},"content":{"rendered":"\n<h2 class=\"wp-block-heading\"><strong>Datenschutzrichtlinie<\/strong><\/h2>\n\n<p><strong>Datenschutz<\/strong><\/p>\n\n<p>Wenn Sie unsere Website besuchen, \u00fcbermittelt Ihr Browser bestimmte Daten an unseren Webserver. Diese \u00dcbertragung ist technisch bedingt und erforderlich, damit Sie auf die gew\u00fcnschten Informationen zugreifen k\u00f6nnen. Um die Sicherheit unseres Informationssystems zu gew\u00e4hrleisten, erfassen wir automatisch Daten \u00fcber Ihre IP-Adresse, Datum und Uhrzeit des Zugriffs, die Differenz zwischen Zeitzone und Greenwich Mean Time (GMT), den Inhalt der Anfrage (bestimmte Seite), den Zugriffsstatus usw. HTTP-Statuscodes, die \u00fcbertragene Datenmenge, die Website, die den Zugriff anfordert, und \u00fcber Ihren Browser (Version des Betriebssystems der Browsersoftware, Spracheinstellungen). Sie k\u00f6nnen unsere Webseiten nicht nutzen, ohne uns zumindest Ihre IP-Adresse mitzuteilen, die wir protokollieren. Wir erfassen die \u00fcbermittelten Daten, um die Netzwerk- und Informationssicherheit zu gew\u00e4hrleisten, um zuf\u00e4llige Ereignisse oder ungesetzliche oder b\u00f6swillige Handlungen zu verhindern. Die Verarbeitung ist daher f\u00fcr die Zwecke unserer berechtigten Interessen erforderlich und erfolgt auf der Grundlage von Artikel 6(1)(f) der Datenschutz-Grundverordnung (DSGVO). Personenbezogene Daten in Bezug auf Blogs werden maximal 6 Monate lang verarbeitet. Nach diesem Zeitraum l\u00f6schen wir die Daten, es sei denn, wir haben einen anderen rechtm\u00e4\u00dfigen Grund f\u00fcr die weitere Verarbeitung.        <\/p>\n\n<p><strong>Kontaktinformationen:<\/strong> Der Verantwortliche f\u00fcr die personenbezogenen Daten ist: HABAKUK HOTEL d.o.o., Pohorska ulica 59, 2000 Maribor, Slowenien. Die gesammelten personenbezogenen Daten werden von unseren Mitarbeitern und Auftragsverarbeitern verarbeitet, die Aufgaben im Zusammenhang mit der Gew\u00e4hrleistung des Betriebs der Webseiten ausf\u00fchren. <\/p>\n\n<p><strong>Recht auf Auskunft:<\/strong> Wenn dies der Fall ist, haben Sie das Recht auf Auskunft \u00fcber diese Daten. Wenn Sie als Einzelperson \u00fcberpr\u00fcfen m\u00f6chten, ob wir personenbezogene Daten \u00fcber Sie sammeln, k\u00f6nnen Sie dies schriftlich per E-Mail oder schriftlich per Post beantragen. <\/p>\n\n<p><strong>Recht auf L\u00f6schung (\u201eRecht auf Vergessenwerden\u201c):<\/strong> Sie haben das Recht, von uns zu verlangen, dass Ihre personenbezogenen Daten unverz\u00fcglich gel\u00f6scht werden. Als Verantwortlicher m\u00fcssen wir Ihre personenbezogenen Daten unverz\u00fcglich l\u00f6schen, wenn einer der folgenden Gr\u00fcnde zutrifft: <\/p>\n\n<p>&#8211; Sie widersprechen der Verarbeitung (siehe Recht auf Widerspruch),<\/p>\n\n<p>&#8211; wir die personenbezogenen Daten unrechtm\u00e4\u00dfig verarbeitet haben,<\/p>\n\n<p>&#8211; Ihre personenbezogenen Daten aufgrund einer rechtlichen Verpflichtung gel\u00f6scht werden m\u00fcssen,<\/p>\n\n<p>&#8211; dies zur Erf\u00fcllung einer rechtlichen Verpflichtung zur Verarbeitung erforderlich ist, die durch Vorschriften festgelegt ist,<\/p>\n\n<p>&#8211; zur Geltendmachung, Aus\u00fcbung oder Verteidigung von Rechtsanspr\u00fcchen.<\/p>\n\n<p>Die L\u00f6schung erfolgt nicht, wenn die Verarbeitung der personenbezogenen Daten erforderlich ist. Wenn Sie als Einzelperson m\u00f6chten, dass wir Ihre personenbezogenen Daten l\u00f6schen, k\u00f6nnen Sie dies schriftlich per E-Mail oder schriftlich per Post beantragen. Das Recht auf L\u00f6schung k\u00f6nnen Sie nur in den oben genannten Ausnahmef\u00e4llen geltend machen.  <\/p>\n\n<p><strong>Recht auf Berichtigung<\/strong>: Sie haben das Recht, von uns unverz\u00fcglich die Berichtigung unrichtiger personenbezogener Daten, die Sie betreffen, zu verlangen. Unter Ber\u00fccksichtigung der Zwecke der Verarbeitung haben Sie das Recht, die Vervollst\u00e4ndigung unvollst\u00e4ndiger personenbezogener Daten, auch mittels einer erg\u00e4nzenden Erkl\u00e4rung, zu verlangen. Wenn Sie als Einzelperson Ihre personenbezogenen Daten berichtigen m\u00f6chten, k\u00f6nnen Sie dies schriftlich per E-Mail oder schriftlich per Post beantragen.  <\/p>\n\n<p><strong>Recht auf Einschr\u00e4nkung der Verarbeitung<\/strong>: Sie haben das Recht, von uns die Einschr\u00e4nkung der Verarbeitung Ihrer personenbezogenen Daten zu verlangen, wenn:<\/p>\n\n<p>&#8211; Sie die Richtigkeit der Daten f\u00fcr einen Zeitraum bestreiten, der es uns erm\u00f6glicht, die Richtigkeit der personenbezogenen Daten zu \u00fcberpr\u00fcfen,<\/p>\n\n<p>&#8211; die Verarbeitung unrechtm\u00e4\u00dfig ist und Sie die L\u00f6schung der personenbezogenen Daten ablehnen und stattdessen die Einschr\u00e4nkung ihrer Nutzung verlangen,<\/p>\n\n<p>&#8211; wir Ihre personenbezogenen Daten f\u00fcr die Zwecke der Verarbeitung nicht mehr ben\u00f6tigen, Sie diese jedoch zur Geltendmachung, Aus\u00fcbung oder Verteidigung von Rechtsanspr\u00fcchen ben\u00f6tigen,<\/p>\n\n<p>&#8211; Sie Widerspruch gegen die Verarbeitung eingelegt haben, solange noch nicht feststeht, ob unsere berechtigten Gr\u00fcnde gegen\u00fcber Ihren \u00fcberwiegen;<\/p>\n\n<p>&#8211; mit Ihrer Einwilligung,<\/p>\n\n<p>&#8211; zur Geltendmachung, Aus\u00fcbung oder Verteidigung von Rechtsanspr\u00fcchen,<\/p>\n\n<p>&#8211; zum Schutz der Rechte einer anderen nat\u00fcrlichen oder juristischen Person oder<\/p>\n\n<p>&#8211; aus Gr\u00fcnden eines wichtigen \u00f6ffentlichen Interesses der Union oder eines Mitgliedstaats.<\/p>\n\n<p>Wenn Sie aus den oben genannten Gr\u00fcnden eine Einschr\u00e4nkung beantragen, d\u00fcrfen wir Ihre personenbezogenen Daten nur speichern und alle anderen Arten der Verarbeitung durchf\u00fchren. Bevor wir die Einschr\u00e4nkung der Verarbeitung personenbezogener Daten aufheben (d. h. sie beenden), m\u00fcssen wir Sie \u00fcber die Aufhebung der Einschr\u00e4nkung informieren. Wenn wir Ihren Antrag auf L\u00f6schung von Daten abgelehnt haben oder Sie lediglich die Verarbeitung personenbezogener Daten einschr\u00e4nken m\u00f6chten, k\u00f6nnen Sie uns per E-Mail oder schriftlich per Post um die Einschr\u00e4nkung der Verarbeitung personenbezogener Daten bitten. Das Recht auf Einschr\u00e4nkung k\u00f6nnen Sie nur in den oben genannten Ausnahmef\u00e4llen geltend machen.   <\/p>\n\n<p><strong>Recht auf Daten\u00fcbertragbarkeit<\/strong>: Recht auf Daten\u00fcbertragbarkeit: Sie k\u00f6nnen die Daten, die Sie uns bereitgestellt haben und die wir im Rahmen Ihrer Nutzung des Dienstes erfasst haben, \u00fcbertragen. Sie k\u00f6nnen die Daten in \u00fcbertragbarer Form pers\u00f6nlich an unserem Hauptsitz anfordern. <\/p>\n\n<p><strong>Recht auf Beschwerde bei einer Aufsichtsbeh\u00f6rde:<\/strong> Unbeschadet eines anderen verwaltungsrechtlichen oder gerichtlichen Rechtsbehelfs haben Sie das Recht, eine Beschwerde bei einer Aufsichtsbeh\u00f6rde einzulegen, insbesondere in dem Mitgliedstaat Ihres gew\u00f6hnlichen Aufenthaltsorts, Ihres Arbeitsplatzes oder des Orts des mutma\u00dflichen Versto\u00dfes, wenn Sie der Ansicht sind, dass die Verarbeitung der Sie betreffenden personenbezogenen Daten gegen die Datenschutz-Grundverordnung verst\u00f6\u00dft. Die Aufsichtsbeh\u00f6rde, bei der Sie die Beschwerde eingereicht haben, wird Sie \u00fcber den Stand des Verfahrens und die Entscheidung \u00fcber die Beschwerde informieren, einschlie\u00dflich der M\u00f6glichkeit eines gerichtlichen Rechtsbehelfs gem\u00e4\u00df Art. 78 DSGVO.  <\/p>\n\n<p>Als betroffene Person haben Sie das Recht, eine Beschwerde einzureichen bei: Republik Slowenien, Informationsbeauftragter, Zalo\u0161ka 59, 1000 Ljubljana, Tel.: Der Informationsbeauftragte wird Sie entsprechend \u00fcber den Stand des Verfahrens und seine Entscheidung \u00fcber die Beschwerde informieren <a href=\"mailto:gp.ip@ip-rs.si\">.<\/a><\/p>\n\n<p><strong>Auftragsverarbeiter personenbezogener Daten<\/strong>: Auftragsverarbeiter personenbezogener Daten: Die Webseite wird von unserem Auftragsverarbeiter gehostet.<\/p>\n\n<p><strong>\u00dcbermittlung personenbezogener Daten<\/strong>: Personenbezogene Daten werden nicht an Dritte oder in Drittl\u00e4nder \u00fcbermittelt, au\u00dfer in den gesetzlich vorgesehenen F\u00e4llen, insbesondere in F\u00e4llen, in denen die Daten von autorisierten Personen oder Beh\u00f6rden angefordert werden.<\/p>\n\n<p><strong>Regeln und Bedingungen<\/strong><\/p>\n\n<p>Mit der Best\u00e4tigung der Reservierung akzeptieren Sie die Allgemeinen Gesch\u00e4ftsbedingungen der Firma HABAKUK HOTEL d.o.o.<\/p>\n\n<p><strong>Check-in- und Check-out-Zeit:<\/strong> Check-in ab 15:00 Uhr. Check-out bis 11:00 Uhr. <\/p>\n\n<p><strong>Reservierungsbedingungen:<\/strong> Reservierungen f\u00fcr \u00dcbernachtungen im Hotel Habakuk erfolgen \u00fcber Online-Kan\u00e4le oder direkt \u00fcber die Webseite, E-Mail oder Telefon. Mit der Abgabe der Reservierung verpflichtet sich der Gast, uns eine g\u00fcltige E-Mail-Adresse oder andere Kontaktdaten zur Benachrichtigung und \u00dcberpr\u00fcfung der Reservierungsdetails mitzuteilen. <\/p>\n\n<p><strong>Zahlungs- und Stornierungsbedingungen:<\/strong><\/p>\n\n<p><strong>Stornierung ist kostenlos:<\/strong> M\u00f6glich bis 30 Tage vor Anreise. Die Stornierung muss schriftlich erfolgen. <\/p>\n\n<ul class=\"wp-block-list\">\n<li>20 % des Reservierungsbetrags bei Stornierung 30-20 Tage vor Anreise.<\/li>\n\n\n\n<li>30 % des Reservierungsbetrags bei Stornierung 19-15 Tage vor Anreise.<\/li>\n\n\n\n<li>50 % des Reservierungsbetrags bei Stornierung 14-08 Tage vor Anreise.<\/li>\n\n\n\n<li>80 % des Reservierungsbetrags bei Stornierung 07-01 Tage vor Anreise.<\/li>\n\n\n\n<li>100 % des Reservierungsbetrags bei Anreise.<\/li>\n<\/ul>\n\n<p><strong>Nicht erstattungsf\u00e4hig:<\/strong> Bei der Reservierung ist eine vollst\u00e4ndige Vorauszahlung erforderlich. Im Falle falscher Kreditkartendaten beh\u00e4lt sich HABAKUK HOTEL d.o.o. das Recht vor, die Reservierung zu stornieren. <\/p>\n\n<p><strong>Reservierung mit Vorauszahlung:<\/strong> Zur Best\u00e4tigung der Reservierung ist eine Vorauszahlung erforderlich. HABAKUK HOTEL d.o.o. beh\u00e4lt den gezahlten Betrag ein, wenn die Reservierung nach Ablauf der Stornierungsfrist storniert wird. <\/p>\n\n<p><strong>Fr\u00fche Abreise:<\/strong> Im Falle einer vorzeitigen Abreise ohne vorherige Ank\u00fcndigung berechnet HABAKUK HOTEL d.o.o. 50 % des Wertes der nicht in Anspruch genommenen \u00dcbernachtungen.<\/p>\n\n<p><strong>Nichterscheinen:<\/strong> Wir behalten uns das Recht vor, im Falle eines Nichterscheinens 100 % des Reservierungspreises zu berechnen. Zahlbar sofort. <\/p>\n\n<p><strong>Recht auf Ablehnung und \u00c4nderung:<\/strong> HABAKUK HOTEL d.o.o. beh\u00e4lt sich das Recht vor, eine Reservierung abzulehnen, zu stornieren oder zu \u00e4ndern. Im Falle einer \u00dcberbuchung \u00fcbernimmt HABAKUK HOTEL d.o.o. alle zus\u00e4tzlichen Kosten f\u00fcr die Umleitung. <\/p>\n\n<p><strong>Kurtaxe und Registrierungsgeb\u00fchr:<\/strong> Kurtaxe: Die Kosten f\u00fcr die Unterkunft erh\u00f6hen sich um den Betrag der Kurtaxe, die durch die Verordnung der lokalen Gemeinde festgelegt wird.<\/p>\n\n<p><strong>Preise:<\/strong> Die Preise beinhalten die Mehrwertsteuer und gelten f\u00fcr die ausgew\u00e4hlte Anzahl von Personen und Daten. Sonderangebote gelten, wenn der Aufenthalt nicht verk\u00fcrzt wird. Rabatte sind nicht kombinierbar.  <\/p>\n\n<p><strong>Zus\u00e4tzliche Angebote:<\/strong> Zus\u00e4tzliche Dienstleistungen sind je nach Verf\u00fcgbarkeit und vorheriger Anfrage m\u00f6glich.<\/p>\n\n<p><strong>Hotelordnung:<\/strong> Um Ruhe und Frieden im Hotel zu gew\u00e4hrleisten, gilt die Verpflichtung zur Ruhe. Das Rauchen in geschlossenen R\u00e4umen ist verboten und wird bei Nichtbeachtung mit einer zus\u00e4tzlichen Geb\u00fchr geahndet. <\/p>\n\n<p><strong>Parken:<\/strong> F\u00fcr das Parken in der Tiefgarage berechnen wir 10 \u20ac pro Nacht.<\/p>\n\n<p><strong>Verlust und Besch\u00e4digung von Eigentum:<\/strong> Das Hotel haftet nicht f\u00fcr verlorene oder besch\u00e4digte Gegenst\u00e4nde der G\u00e4ste.<\/p>\n\n<p><strong>Haustiere:<\/strong> Haustiere sind nach vorheriger Ank\u00fcndigung erlaubt. Der Preis f\u00fcr den Aufenthalt mit einem Haustier betr\u00e4gt 30,00 \u20ac pro Tag. <\/p>\n\n<p><strong>Beschwerden:<\/strong> Im Falle von Problemen muss der Gast unverz\u00fcglich die Rezeption informieren.<\/p>\n\n<p><strong>Zutritt zum Zimmer:<\/strong> Das Personal hat das Recht, das Zimmer aus berechtigten Gr\u00fcnden zu betreten.<\/p>\n\n<p><strong>Gutscheine:<\/strong> G\u00fcltigkeit: 12 Monate ab Ausstellungsdatum.<\/p>\n\n<p><strong>Geistiges Eigentum:<\/strong> Die Verwendung des Namens, des Firmennamens HABAKUK HOTEL d.o.o und seines Logos ist nur mit Zustimmung des Eigent\u00fcmers gestattet.<\/p>\n\n<p><strong>Cookies<\/strong><\/p>\n\n<p>Diese Webseite verwendet Cookies. Cookies sind Dateien, die beim Besuch eines Webportals vor\u00fcbergehend auf Ihrem Computer gespeichert werden. Sie erm\u00f6glichen dem Benutzer, unsere Dienste anzusehen und zu nutzen. Wir verwenden Cookies, um das ordnungsgem\u00e4\u00dfe Funktionieren des Webportals sowie die Analyse des Besuchs der Webseite und der Unterseiten zu gew\u00e4hrleisten. Cookies erm\u00f6glichen eine effizientere und schnellere Nutzung unseres Webportals und nur so k\u00f6nnen wir Ihnen die Nutzung aller von uns angebotenen Funktionen erm\u00f6glichen. Wenn Sie mit der Verwendung von Cookies nicht einverstanden sind, funktionieren einige Dinge m\u00f6glicherweise nicht richtig. Sie k\u00f6nnen Cookies jederzeit aus Ihrem Browser l\u00f6schen.      <\/p>\n\n<p>Arten von Cookies, die wir auf dieser Webseite verwenden:<\/p>\n\n<ul class=\"wp-block-list\">\n<li>Vor\u00fcbergehend oder sitzungsbezogen<\/li>\n\n\n\n<li>Dauerhaft oder gespeichert<\/li>\n\n\n\n<li>Eigene Cookies<\/li>\n\n\n\n<li>Andere Cookies<\/li>\n<\/ul>\n\n<p><strong>Vorteile von Cookies:<\/strong> Wenn Sie dasselbe Ger\u00e4t und denselben Browser verwenden, sind Cookies sehr n\u00fctzlich, da sie sich beispielsweise Ihre Einstellungen merken, uns helfen, zu verfolgen, wie Sie unsere Webseiten nutzen, und es erm\u00f6glichen, dass die Inhalte, die Sie sehen, besser auf Ihre Interessen und Bed\u00fcrfnisse zugeschnitten sind. Keiner der Cookies, die wir auf unseren Webseiten verwenden, sammelt Informationen, anhand derer Sie pers\u00f6nlich identifiziert werden k\u00f6nnten. Die wichtigsten Cookies, die wir auf unserer Webseite verwenden, sind unten aufgef\u00fchrt.  <\/p>\n\n<p>Das Verfahren zum Verwalten und L\u00f6schen von Cookies unterscheidet sich je nach dem von Ihnen verwendeten Browser. Um zu erfahren, wie dies in einem bestimmten Browser funktioniert, k\u00f6nnen Sie die Hilfefunktion des Browsers verwenden oder die Webseite http:\/\/www.aboutcookies.org besuchen, auf der Schritt f\u00fcr Schritt erkl\u00e4rt wird, wie Sie Cookies in den meisten Browsern verwalten oder l\u00f6schen k\u00f6nnen. <\/p>\n","protected":false},"excerpt":{"rendered":"<p>Datenschutzrichtlinie Datenschutz Wenn Sie unsere Website besuchen, \u00fcbermittelt Ihr Browser bestimmte Daten an unseren Webserver. Diese \u00dcbertragung ist technisch bedingt und erforderlich, damit Sie auf die gew\u00fcnschten Informationen zugreifen k\u00f6nnen. Um die Sicherheit unseres Informationssystems zu gew\u00e4hrleisten, erfassen wir automatisch Daten \u00fcber Ihre IP-Adresse, Datum und Uhrzeit des Zugriffs, die Differenz zwischen Zeitzone und Greenwich [&hellip;]<\/p>\n","protected":false},"author":1,"featured_media":0,"parent":0,"menu_order":0,"comment_status":"closed","ping_status":"open","template":"","meta":{"_price":"","_stock":"","_tribe_ticket_header":"","_tribe_default_ticket_provider":"","_tribe_ticket_capacity":"","_ticket_start_date":"","_ticket_end_date":"","_tribe_ticket_show_description":"","_tribe_ticket_show_not_going":false,"_tribe_ticket_use_global_stock":"","_tribe_ticket_global_stock_level":"","_global_stock_mode":"","_global_stock_cap":"","_tribe_rsvp_for_event":"","_tribe_ticket_going_count":"","_tribe_ticket_not_going_count":"","_tribe_tickets_list":"[]","_tribe_ticket_has_attendee_info_fields":false,"footnotes":""},"class_list":["post-17134","page","type-page","status-publish","hentry"],"yoast_head":"<!-- This site is optimized with the Yoast SEO plugin v27.4 - https:\/\/yoast.com\/product\/yoast-seo-wordpress\/ -->\n<title>Datenschutzbestimmungen - Hotel Habakuk<\/title>\n<meta name=\"robots\" content=\"index, follow, max-snippet:-1, max-image-preview:large, max-video-preview:-1\" \/>\n<link rel=\"canonical\" href=\"https:\/\/habakuk.si\/de\/datenschutzbestimmungen\/\" \/>\n<meta property=\"og:locale\" content=\"de_DE\" \/>\n<meta property=\"og:type\" content=\"article\" \/>\n<meta property=\"og:title\" content=\"Datenschutzbestimmungen - Hotel Habakuk\" \/>\n<meta property=\"og:description\" content=\"Datenschutzrichtlinie Datenschutz Wenn Sie unsere Website besuchen, \u00fcbermittelt Ihr Browser bestimmte Daten an unseren Webserver. Diese \u00dcbertragung ist technisch bedingt und erforderlich, damit Sie auf die gew\u00fcnschten Informationen zugreifen k\u00f6nnen. Um die Sicherheit unseres Informationssystems zu gew\u00e4hrleisten, erfassen wir automatisch Daten \u00fcber Ihre IP-Adresse, Datum und Uhrzeit des Zugriffs, die Differenz zwischen Zeitzone und Greenwich [&hellip;]\" \/>\n<meta property=\"og:url\" content=\"https:\/\/habakuk.si\/de\/datenschutzbestimmungen\/\" \/>\n<meta property=\"og:site_name\" content=\"Hotel Habakuk\" \/>\n<meta property=\"article:publisher\" content=\"https:\/\/www.facebook.com\/Hotel.Habakuk\/\" \/>\n<meta property=\"article:modified_time\" content=\"2026-01-06T10:16:06+00:00\" \/>\n<meta property=\"og:image\" content=\"https:\/\/habakuk.si\/wp-content\/uploads\/2025\/10\/Hotel1.webp\" \/>\n\t<meta property=\"og:image:width\" content=\"1798\" \/>\n\t<meta property=\"og:image:height\" content=\"821\" \/>\n\t<meta property=\"og:image:type\" content=\"image\/webp\" \/>\n<meta name=\"twitter:card\" content=\"summary_large_image\" \/>\n<meta name=\"twitter:label1\" content=\"Gesch\u00e4tzte Lesezeit\" \/>\n\t<meta name=\"twitter:data1\" content=\"9\u00a0Minuten\" \/>\n<script type=\"application\/ld+json\" class=\"yoast-schema-graph\">{\"@context\":\"https:\\\/\\\/schema.org\",\"@graph\":[{\"@type\":\"WebPage\",\"@id\":\"https:\\\/\\\/habakuk.si\\\/de\\\/datenschutzbestimmungen\\\/\",\"url\":\"https:\\\/\\\/habakuk.si\\\/de\\\/datenschutzbestimmungen\\\/\",\"name\":\"Datenschutzbestimmungen - Hotel Habakuk\",\"isPartOf\":{\"@id\":\"https:\\\/\\\/habakuk.si\\\/de\\\/#website\"},\"datePublished\":\"2025-10-25T07:45:20+00:00\",\"dateModified\":\"2026-01-06T10:16:06+00:00\",\"breadcrumb\":{\"@id\":\"https:\\\/\\\/habakuk.si\\\/de\\\/datenschutzbestimmungen\\\/#breadcrumb\"},\"inLanguage\":\"de\",\"potentialAction\":[{\"@type\":\"ReadAction\",\"target\":[\"https:\\\/\\\/habakuk.si\\\/de\\\/datenschutzbestimmungen\\\/\"]}]},{\"@type\":\"BreadcrumbList\",\"@id\":\"https:\\\/\\\/habakuk.si\\\/de\\\/datenschutzbestimmungen\\\/#breadcrumb\",\"itemListElement\":[{\"@type\":\"ListItem\",\"position\":1,\"name\":\"Home\",\"item\":\"https:\\\/\\\/habakuk.si\\\/de\\\/startseite\\\/\"},{\"@type\":\"ListItem\",\"position\":2,\"name\":\"Datenschutzbestimmungen\"}]},{\"@type\":\"WebSite\",\"@id\":\"https:\\\/\\\/habakuk.si\\\/de\\\/#website\",\"url\":\"https:\\\/\\\/habakuk.si\\\/de\\\/\",\"name\":\"Hotel Habakuk\",\"description\":\"Das Hotel HABAKUK Wellness & Event befindet sich am Fu\u00dfe des Pohorje, neben einem attraktiven Touristen-, Sport- und Freizeitzentrum, umgeben von gr\u00fcner Natur.\",\"publisher\":{\"@id\":\"https:\\\/\\\/habakuk.si\\\/de\\\/#organization\"},\"alternateName\":\"Habakuk\",\"potentialAction\":[{\"@type\":\"SearchAction\",\"target\":{\"@type\":\"EntryPoint\",\"urlTemplate\":\"https:\\\/\\\/habakuk.si\\\/de\\\/?s={search_term_string}\"},\"query-input\":{\"@type\":\"PropertyValueSpecification\",\"valueRequired\":true,\"valueName\":\"search_term_string\"}}],\"inLanguage\":\"de\"},{\"@type\":\"Organization\",\"@id\":\"https:\\\/\\\/habakuk.si\\\/de\\\/#organization\",\"name\":\"Hotel Habakuk\",\"alternateName\":\"Habakuk\",\"url\":\"https:\\\/\\\/habakuk.si\\\/de\\\/\",\"logo\":{\"@type\":\"ImageObject\",\"inLanguage\":\"de\",\"@id\":\"https:\\\/\\\/habakuk.si\\\/de\\\/#\\\/schema\\\/logo\\\/image\\\/\",\"url\":\"https:\\\/\\\/habakuk.si\\\/wordpress\\\/wp-content\\\/uploads\\\/2025\\\/10\\\/logo-dark.webp\",\"contentUrl\":\"https:\\\/\\\/habakuk.si\\\/wordpress\\\/wp-content\\\/uploads\\\/2025\\\/10\\\/logo-dark.webp\",\"width\":1500,\"height\":450,\"caption\":\"Hotel Habakuk\"},\"image\":{\"@id\":\"https:\\\/\\\/habakuk.si\\\/de\\\/#\\\/schema\\\/logo\\\/image\\\/\"},\"sameAs\":[\"https:\\\/\\\/www.facebook.com\\\/Hotel.Habakuk\\\/\",\"https:\\\/\\\/www.instagram.com\\\/hotel.habakuk\\\/\"]}]}<\/script>\n<!-- \/ Yoast SEO plugin. -->","yoast_head_json":{"title":"Datenschutzbestimmungen - Hotel Habakuk","robots":{"index":"index","follow":"follow","max-snippet":"max-snippet:-1","max-image-preview":"max-image-preview:large","max-video-preview":"max-video-preview:-1"},"canonical":"https:\/\/habakuk.si\/de\/datenschutzbestimmungen\/","og_locale":"de_DE","og_type":"article","og_title":"Datenschutzbestimmungen - Hotel Habakuk","og_description":"Datenschutzrichtlinie Datenschutz Wenn Sie unsere Website besuchen, \u00fcbermittelt Ihr Browser bestimmte Daten an unseren Webserver. Diese \u00dcbertragung ist technisch bedingt und erforderlich, damit Sie auf die gew\u00fcnschten Informationen zugreifen k\u00f6nnen. Um die Sicherheit unseres Informationssystems zu gew\u00e4hrleisten, erfassen wir automatisch Daten \u00fcber Ihre IP-Adresse, Datum und Uhrzeit des Zugriffs, die Differenz zwischen Zeitzone und Greenwich [&hellip;]","og_url":"https:\/\/habakuk.si\/de\/datenschutzbestimmungen\/","og_site_name":"Hotel Habakuk","article_publisher":"https:\/\/www.facebook.com\/Hotel.Habakuk\/","article_modified_time":"2026-01-06T10:16:06+00:00","og_image":[{"width":1798,"height":821,"url":"https:\/\/habakuk.si\/wp-content\/uploads\/2025\/10\/Hotel1.webp","type":"image\/webp"}],"twitter_card":"summary_large_image","twitter_misc":{"Gesch\u00e4tzte Lesezeit":"9\u00a0Minuten"},"schema":{"@context":"https:\/\/schema.org","@graph":[{"@type":"WebPage","@id":"https:\/\/habakuk.si\/de\/datenschutzbestimmungen\/","url":"https:\/\/habakuk.si\/de\/datenschutzbestimmungen\/","name":"Datenschutzbestimmungen - Hotel Habakuk","isPartOf":{"@id":"https:\/\/habakuk.si\/de\/#website"},"datePublished":"2025-10-25T07:45:20+00:00","dateModified":"2026-01-06T10:16:06+00:00","breadcrumb":{"@id":"https:\/\/habakuk.si\/de\/datenschutzbestimmungen\/#breadcrumb"},"inLanguage":"de","potentialAction":[{"@type":"ReadAction","target":["https:\/\/habakuk.si\/de\/datenschutzbestimmungen\/"]}]},{"@type":"BreadcrumbList","@id":"https:\/\/habakuk.si\/de\/datenschutzbestimmungen\/#breadcrumb","itemListElement":[{"@type":"ListItem","position":1,"name":"Home","item":"https:\/\/habakuk.si\/de\/startseite\/"},{"@type":"ListItem","position":2,"name":"Datenschutzbestimmungen"}]},{"@type":"WebSite","@id":"https:\/\/habakuk.si\/de\/#website","url":"https:\/\/habakuk.si\/de\/","name":"Hotel Habakuk","description":"Das Hotel HABAKUK Wellness & Event befindet sich am Fu\u00dfe des Pohorje, neben einem attraktiven Touristen-, Sport- und Freizeitzentrum, umgeben von gr\u00fcner Natur.","publisher":{"@id":"https:\/\/habakuk.si\/de\/#organization"},"alternateName":"Habakuk","potentialAction":[{"@type":"SearchAction","target":{"@type":"EntryPoint","urlTemplate":"https:\/\/habakuk.si\/de\/?s={search_term_string}"},"query-input":{"@type":"PropertyValueSpecification","valueRequired":true,"valueName":"search_term_string"}}],"inLanguage":"de"},{"@type":"Organization","@id":"https:\/\/habakuk.si\/de\/#organization","name":"Hotel Habakuk","alternateName":"Habakuk","url":"https:\/\/habakuk.si\/de\/","logo":{"@type":"ImageObject","inLanguage":"de","@id":"https:\/\/habakuk.si\/de\/#\/schema\/logo\/image\/","url":"https:\/\/habakuk.si\/wordpress\/wp-content\/uploads\/2025\/10\/logo-dark.webp","contentUrl":"https:\/\/habakuk.si\/wordpress\/wp-content\/uploads\/2025\/10\/logo-dark.webp","width":1500,"height":450,"caption":"Hotel Habakuk"},"image":{"@id":"https:\/\/habakuk.si\/de\/#\/schema\/logo\/image\/"},"sameAs":["https:\/\/www.facebook.com\/Hotel.Habakuk\/","https:\/\/www.instagram.com\/hotel.habakuk\/"]}]}},"_links":{"self":[{"href":"https:\/\/habakuk.si\/de\/wp-json\/wp\/v2\/pages\/17134","targetHints":{"allow":["GET"]}}],"collection":[{"href":"https:\/\/habakuk.si\/de\/wp-json\/wp\/v2\/pages"}],"about":[{"href":"https:\/\/habakuk.si\/de\/wp-json\/wp\/v2\/types\/page"}],"author":[{"embeddable":true,"href":"https:\/\/habakuk.si\/de\/wp-json\/wp\/v2\/users\/1"}],"replies":[{"embeddable":true,"href":"https:\/\/habakuk.si\/de\/wp-json\/wp\/v2\/comments?post=17134"}],"version-history":[{"count":2,"href":"https:\/\/habakuk.si\/de\/wp-json\/wp\/v2\/pages\/17134\/revisions"}],"predecessor-version":[{"id":17520,"href":"https:\/\/habakuk.si\/de\/wp-json\/wp\/v2\/pages\/17134\/revisions\/17520"}],"wp:attachment":[{"href":"https:\/\/habakuk.si\/de\/wp-json\/wp\/v2\/media?parent=17134"}],"curies":[{"name":"wp","href":"https:\/\/api.w.org\/{rel}","templated":true}]}}