{"id":16796,"date":"2025-11-04T10:54:57","date_gmt":"2025-11-04T09:54:57","guid":{"rendered":"https:\/\/habakuk.si\/superior-familienzimmer\/"},"modified":"2026-01-06T11:23:02","modified_gmt":"2026-01-06T10:23:02","slug":"superior-familienzimmer","status":"publish","type":"page","link":"https:\/\/habakuk.si\/de\/zimmer-und-suiten\/superior-familienzimmer\/","title":{"rendered":"Superior Familienzimmer"},"content":{"rendered":"","protected":false},"excerpt":{"rendered":"","protected":false},"author":1,"featured_media":0,"parent":17026,"menu_order":0,"comment_status":"closed","ping_status":"closed","template":"","meta":{"_price":"","_stock":"","_tribe_ticket_header":"","_tribe_default_ticket_provider":"","_tribe_ticket_capacity":"","_ticket_start_date":"","_ticket_end_date":"","_tribe_ticket_show_description":"","_tribe_ticket_show_not_going":false,"_tribe_ticket_use_global_stock":"","_tribe_ticket_global_stock_level":"","_global_stock_mode":"","_global_stock_cap":"","_tribe_rsvp_for_event":"","_tribe_ticket_going_count":"","_tribe_ticket_not_going_count":"","_tribe_tickets_list":"[]","_tribe_ticket_has_attendee_info_fields":false,"footnotes":""},"class_list":["post-16796","page","type-page","status-publish","hentry"],"yoast_head":"<!-- This site is optimized with the Yoast SEO plugin v27.4 - https:\/\/yoast.com\/product\/yoast-seo-wordpress\/ -->\n<title>Superior Familienzimmer - Hotel Habakuk<\/title>\n<meta name=\"description\" content=\"Das ger\u00e4umige Dreibettzimmer bietet zwei separate Schlafbereiche, was ideal f\u00fcr Familien oder Gruppen ist, die Privatsph\u00e4re und Geselligkeit w\u00fcnschen. Im ersten Bereich befindet sich ein komfortables Doppelbett und im zweiten ein bequemes Einzelbett.\" \/>\n<meta name=\"robots\" content=\"index, follow, max-snippet:-1, max-image-preview:large, max-video-preview:-1\" \/>\n<link rel=\"canonical\" href=\"https:\/\/habakuk.si\/de\/zimmer-und-suiten\/superior-familienzimmer\/\" \/>\n<meta property=\"og:locale\" content=\"de_DE\" \/>\n<meta property=\"og:type\" content=\"article\" \/>\n<meta property=\"og:title\" content=\"Superior Familienzimmer - Hotel Habakuk\" \/>\n<meta property=\"og:description\" content=\"Das ger\u00e4umige Dreibettzimmer bietet zwei separate Schlafbereiche, was ideal f\u00fcr Familien oder Gruppen ist, die Privatsph\u00e4re und Geselligkeit w\u00fcnschen. Im ersten Bereich befindet sich ein komfortables Doppelbett und im zweiten ein bequemes Einzelbett.\" \/>\n<meta property=\"og:url\" content=\"https:\/\/habakuk.si\/de\/zimmer-und-suiten\/superior-familienzimmer\/\" \/>\n<meta property=\"og:site_name\" content=\"Hotel Habakuk\" \/>\n<meta property=\"article:publisher\" content=\"https:\/\/www.facebook.com\/Hotel.Habakuk\/\" \/>\n<meta property=\"article:modified_time\" content=\"2026-01-06T10:23:02+00:00\" \/>\n<meta property=\"og:image\" content=\"https:\/\/habakuk.si\/wp-content\/uploads\/2025\/10\/Hotel1.webp\" \/>\n\t<meta property=\"og:image:width\" content=\"1798\" \/>\n\t<meta property=\"og:image:height\" content=\"821\" \/>\n\t<meta property=\"og:image:type\" content=\"image\/webp\" \/>\n<meta name=\"twitter:card\" content=\"summary_large_image\" \/>\n<script type=\"application\/ld+json\" class=\"yoast-schema-graph\">{\"@context\":\"https:\\\/\\\/schema.org\",\"@graph\":[{\"@type\":\"WebPage\",\"@id\":\"https:\\\/\\\/habakuk.si\\\/de\\\/zimmer-und-suiten\\\/superior-familienzimmer\\\/\",\"url\":\"https:\\\/\\\/habakuk.si\\\/de\\\/zimmer-und-suiten\\\/superior-familienzimmer\\\/\",\"name\":\"Superior Familienzimmer - Hotel Habakuk\",\"isPartOf\":{\"@id\":\"https:\\\/\\\/habakuk.si\\\/de\\\/#website\"},\"datePublished\":\"2025-11-04T09:54:57+00:00\",\"dateModified\":\"2026-01-06T10:23:02+00:00\",\"description\":\"Das ger\u00e4umige Dreibettzimmer bietet zwei separate Schlafbereiche, was ideal f\u00fcr Familien oder Gruppen ist, die Privatsph\u00e4re und Geselligkeit w\u00fcnschen. Im ersten Bereich befindet sich ein komfortables Doppelbett und im zweiten ein bequemes Einzelbett.\",\"breadcrumb\":{\"@id\":\"https:\\\/\\\/habakuk.si\\\/de\\\/zimmer-und-suiten\\\/superior-familienzimmer\\\/#breadcrumb\"},\"inLanguage\":\"de\",\"potentialAction\":[{\"@type\":\"ReadAction\",\"target\":[\"https:\\\/\\\/habakuk.si\\\/de\\\/zimmer-und-suiten\\\/superior-familienzimmer\\\/\"]}]},{\"@type\":\"BreadcrumbList\",\"@id\":\"https:\\\/\\\/habakuk.si\\\/de\\\/zimmer-und-suiten\\\/superior-familienzimmer\\\/#breadcrumb\",\"itemListElement\":[{\"@type\":\"ListItem\",\"position\":1,\"name\":\"Home\",\"item\":\"https:\\\/\\\/habakuk.si\\\/de\\\/startseite\\\/\"},{\"@type\":\"ListItem\",\"position\":2,\"name\":\"Zimmer und Suiten\",\"item\":\"https:\\\/\\\/habakuk.si\\\/de\\\/zimmer-und-suiten\\\/\"},{\"@type\":\"ListItem\",\"position\":3,\"name\":\"Superior Familienzimmer\"}]},{\"@type\":\"WebSite\",\"@id\":\"https:\\\/\\\/habakuk.si\\\/de\\\/#website\",\"url\":\"https:\\\/\\\/habakuk.si\\\/de\\\/\",\"name\":\"Hotel Habakuk\",\"description\":\"Das Hotel HABAKUK Wellness & Event befindet sich am Fu\u00dfe des Pohorje, neben einem attraktiven Touristen-, Sport- und Freizeitzentrum, umgeben von gr\u00fcner Natur.\",\"publisher\":{\"@id\":\"https:\\\/\\\/habakuk.si\\\/de\\\/#organization\"},\"alternateName\":\"Habakuk\",\"potentialAction\":[{\"@type\":\"SearchAction\",\"target\":{\"@type\":\"EntryPoint\",\"urlTemplate\":\"https:\\\/\\\/habakuk.si\\\/de\\\/?s={search_term_string}\"},\"query-input\":{\"@type\":\"PropertyValueSpecification\",\"valueRequired\":true,\"valueName\":\"search_term_string\"}}],\"inLanguage\":\"de\"},{\"@type\":\"Organization\",\"@id\":\"https:\\\/\\\/habakuk.si\\\/de\\\/#organization\",\"name\":\"Hotel Habakuk\",\"alternateName\":\"Habakuk\",\"url\":\"https:\\\/\\\/habakuk.si\\\/de\\\/\",\"logo\":{\"@type\":\"ImageObject\",\"inLanguage\":\"de\",\"@id\":\"https:\\\/\\\/habakuk.si\\\/de\\\/#\\\/schema\\\/logo\\\/image\\\/\",\"url\":\"https:\\\/\\\/habakuk.si\\\/wordpress\\\/wp-content\\\/uploads\\\/2025\\\/10\\\/logo-dark.webp\",\"contentUrl\":\"https:\\\/\\\/habakuk.si\\\/wordpress\\\/wp-content\\\/uploads\\\/2025\\\/10\\\/logo-dark.webp\",\"width\":1500,\"height\":450,\"caption\":\"Hotel Habakuk\"},\"image\":{\"@id\":\"https:\\\/\\\/habakuk.si\\\/de\\\/#\\\/schema\\\/logo\\\/image\\\/\"},\"sameAs\":[\"https:\\\/\\\/www.facebook.com\\\/Hotel.Habakuk\\\/\",\"https:\\\/\\\/www.instagram.com\\\/hotel.habakuk\\\/\"]}]}<\/script>\n<!-- \/ Yoast SEO plugin. -->","yoast_head_json":{"title":"Superior Familienzimmer - Hotel Habakuk","description":"Das ger\u00e4umige Dreibettzimmer bietet zwei separate Schlafbereiche, was ideal f\u00fcr Familien oder Gruppen ist, die Privatsph\u00e4re und Geselligkeit w\u00fcnschen. Im ersten Bereich befindet sich ein komfortables Doppelbett und im zweiten ein bequemes Einzelbett.","robots":{"index":"index","follow":"follow","max-snippet":"max-snippet:-1","max-image-preview":"max-image-preview:large","max-video-preview":"max-video-preview:-1"},"canonical":"https:\/\/habakuk.si\/de\/zimmer-und-suiten\/superior-familienzimmer\/","og_locale":"de_DE","og_type":"article","og_title":"Superior Familienzimmer - Hotel Habakuk","og_description":"Das ger\u00e4umige Dreibettzimmer bietet zwei separate Schlafbereiche, was ideal f\u00fcr Familien oder Gruppen ist, die Privatsph\u00e4re und Geselligkeit w\u00fcnschen. Im ersten Bereich befindet sich ein komfortables Doppelbett und im zweiten ein bequemes Einzelbett.","og_url":"https:\/\/habakuk.si\/de\/zimmer-und-suiten\/superior-familienzimmer\/","og_site_name":"Hotel Habakuk","article_publisher":"https:\/\/www.facebook.com\/Hotel.Habakuk\/","article_modified_time":"2026-01-06T10:23:02+00:00","og_image":[{"width":1798,"height":821,"url":"https:\/\/habakuk.si\/wp-content\/uploads\/2025\/10\/Hotel1.webp","type":"image\/webp"}],"twitter_card":"summary_large_image","schema":{"@context":"https:\/\/schema.org","@graph":[{"@type":"WebPage","@id":"https:\/\/habakuk.si\/de\/zimmer-und-suiten\/superior-familienzimmer\/","url":"https:\/\/habakuk.si\/de\/zimmer-und-suiten\/superior-familienzimmer\/","name":"Superior Familienzimmer - Hotel Habakuk","isPartOf":{"@id":"https:\/\/habakuk.si\/de\/#website"},"datePublished":"2025-11-04T09:54:57+00:00","dateModified":"2026-01-06T10:23:02+00:00","description":"Das ger\u00e4umige Dreibettzimmer bietet zwei separate Schlafbereiche, was ideal f\u00fcr Familien oder Gruppen ist, die Privatsph\u00e4re und Geselligkeit w\u00fcnschen. Im ersten Bereich befindet sich ein komfortables Doppelbett und im zweiten ein bequemes Einzelbett.","breadcrumb":{"@id":"https:\/\/habakuk.si\/de\/zimmer-und-suiten\/superior-familienzimmer\/#breadcrumb"},"inLanguage":"de","potentialAction":[{"@type":"ReadAction","target":["https:\/\/habakuk.si\/de\/zimmer-und-suiten\/superior-familienzimmer\/"]}]},{"@type":"BreadcrumbList","@id":"https:\/\/habakuk.si\/de\/zimmer-und-suiten\/superior-familienzimmer\/#breadcrumb","itemListElement":[{"@type":"ListItem","position":1,"name":"Home","item":"https:\/\/habakuk.si\/de\/startseite\/"},{"@type":"ListItem","position":2,"name":"Zimmer und Suiten","item":"https:\/\/habakuk.si\/de\/zimmer-und-suiten\/"},{"@type":"ListItem","position":3,"name":"Superior Familienzimmer"}]},{"@type":"WebSite","@id":"https:\/\/habakuk.si\/de\/#website","url":"https:\/\/habakuk.si\/de\/","name":"Hotel Habakuk","description":"Das Hotel HABAKUK Wellness & Event befindet sich am Fu\u00dfe des Pohorje, neben einem attraktiven Touristen-, Sport- und Freizeitzentrum, umgeben von gr\u00fcner Natur.","publisher":{"@id":"https:\/\/habakuk.si\/de\/#organization"},"alternateName":"Habakuk","potentialAction":[{"@type":"SearchAction","target":{"@type":"EntryPoint","urlTemplate":"https:\/\/habakuk.si\/de\/?s={search_term_string}"},"query-input":{"@type":"PropertyValueSpecification","valueRequired":true,"valueName":"search_term_string"}}],"inLanguage":"de"},{"@type":"Organization","@id":"https:\/\/habakuk.si\/de\/#organization","name":"Hotel Habakuk","alternateName":"Habakuk","url":"https:\/\/habakuk.si\/de\/","logo":{"@type":"ImageObject","inLanguage":"de","@id":"https:\/\/habakuk.si\/de\/#\/schema\/logo\/image\/","url":"https:\/\/habakuk.si\/wordpress\/wp-content\/uploads\/2025\/10\/logo-dark.webp","contentUrl":"https:\/\/habakuk.si\/wordpress\/wp-content\/uploads\/2025\/10\/logo-dark.webp","width":1500,"height":450,"caption":"Hotel Habakuk"},"image":{"@id":"https:\/\/habakuk.si\/de\/#\/schema\/logo\/image\/"},"sameAs":["https:\/\/www.facebook.com\/Hotel.Habakuk\/","https:\/\/www.instagram.com\/hotel.habakuk\/"]}]}},"_links":{"self":[{"href":"https:\/\/habakuk.si\/de\/wp-json\/wp\/v2\/pages\/16796","targetHints":{"allow":["GET"]}}],"collection":[{"href":"https:\/\/habakuk.si\/de\/wp-json\/wp\/v2\/pages"}],"about":[{"href":"https:\/\/habakuk.si\/de\/wp-json\/wp\/v2\/types\/page"}],"author":[{"embeddable":true,"href":"https:\/\/habakuk.si\/de\/wp-json\/wp\/v2\/users\/1"}],"replies":[{"embeddable":true,"href":"https:\/\/habakuk.si\/de\/wp-json\/wp\/v2\/comments?post=16796"}],"version-history":[{"count":1,"href":"https:\/\/habakuk.si\/de\/wp-json\/wp\/v2\/pages\/16796\/revisions"}],"predecessor-version":[{"id":17031,"href":"https:\/\/habakuk.si\/de\/wp-json\/wp\/v2\/pages\/16796\/revisions\/17031"}],"up":[{"embeddable":true,"href":"https:\/\/habakuk.si\/de\/wp-json\/wp\/v2\/pages\/17026"}],"wp:attachment":[{"href":"https:\/\/habakuk.si\/de\/wp-json\/wp\/v2\/media?parent=16796"}],"curies":[{"name":"wp","href":"https:\/\/api.w.org\/{rel}","templated":true}]}}